{"id":22855,"date":"2021-09-29T16:32:54","date_gmt":"2021-09-29T16:32:54","guid":{"rendered":"https:\/\/museobarrioelmorro.cl\/?page_id=22855"},"modified":"2021-09-29T16:42:34","modified_gmt":"2021-09-29T16:42:34","slug":"articulos","status":"publish","type":"page","link":"https:\/\/museobarrioelmorro.cl\/index.php\/articulos\/","title":{"rendered":"Art\u00edculos"},"content":{"rendered":"<section class=\"wpb-content-wrapper\"><section data-vc-full-width=\"true\" data-vc-full-width-init=\"false\" data-vc-stretch-content=\"true\" class=\"vc_row wpb_row vc_row-fluid  vc_custom_1507524288925 pofo-stretch-content pofo-row-responsive-69f5c7e0b2e6c\"><div class=\"wpb_column vc_column_container vc_col-sm-12 vc_col-md-4 col-xs-mobile-fullwidth pofo-column-responsive-69f5c7e0b2f89\"><div class=\"vc_column-inner \"><div class=\"wpb_wrapper\"><div class=\"featurebox18 pofo-featurebox banner-style2 featurebox18-1\" ><figure><div class=\"banner-image bg-black height-400px cover-background height-350px bg-image-srcset\" style=\"background-image:url('https:\/\/museobarrioelmorro.cl\/wp-content\/uploads\/2021\/09\/imagen5.jpg');\" data-bg-srcset=\"https:\/\/museobarrioelmorro.cl\/wp-content\/uploads\/2021\/09\/imagen5.jpg 1757w, https:\/\/museobarrioelmorro.cl\/wp-content\/uploads\/2021\/09\/imagen5-300x141.jpg 300w, https:\/\/museobarrioelmorro.cl\/wp-content\/uploads\/2021\/09\/imagen5-1024x483.jpg 1024w, https:\/\/museobarrioelmorro.cl\/wp-content\/uploads\/2021\/09\/imagen5-768x362.jpg 768w, https:\/\/museobarrioelmorro.cl\/wp-content\/uploads\/2021\/09\/imagen5-1536x724.jpg 1536w, https:\/\/museobarrioelmorro.cl\/wp-content\/uploads\/2021\/09\/imagen5-1200x566.jpg 1200w, https:\/\/museobarrioelmorro.cl\/wp-content\/uploads\/2021\/09\/imagen5-120x57.jpg 120w, https:\/\/museobarrioelmorro.cl\/wp-content\/uploads\/2021\/09\/imagen5-81x38.jpg 81w\"><\/div><figcaption class=\"padding-seven-all bg-white last-paragraph-no-margin\"  style=\"background-color:rgba(0,0,0,0.85) !important;\"><div class=\"display-table width-100 height-100\"><div class=\"display-table-cell vertical-align-middle\"><span class=\"text-medium-gray alt-font\" style=\"color: #939393;\">Art\u00edculo 1<\/span><span class=\"text-large font-weight-600 text-extra-dark-gray alt-font padding-15px-bottom display-block \" style=\"color: #ffffff;\">EL MORRO EN EL PASADO LEJANO<\/span><div class=\"last-paragraph-no-margin\"><p>Geomorfolog\u00eda, arqueolog\u00eda e historia hasta fines del periodo colonia.<\/p>\n<\/div><a class=\"btn btn-dark-gray btn-small margin-30px-top\" target=\"_self\" href=\"https:\/\/museobarrioelmorro.cl\/index.php\/el-morro-en-el-pasado-lejano\/\">VISITAR<\/a><\/div><\/div><\/figcaption><\/figure><\/div><\/div><\/div><\/div><div class=\"wpb_column vc_column_container vc_col-sm-12 vc_col-md-4 col-xs-mobile-fullwidth pofo-column-responsive-69f5c7e0b3825\"><div class=\"vc_column-inner \"><div class=\"wpb_wrapper\"><div class=\"featurebox18 pofo-featurebox banner-style2 featurebox18-2\" ><figure><div class=\"banner-image bg-black height-400px cover-background height-350px bg-image-srcset\" style=\"background-image:url('https:\/\/museobarrioelmorro.cl\/wp-content\/uploads\/2021\/09\/a2-imagen11.jpg');\" data-bg-srcset=\"https:\/\/museobarrioelmorro.cl\/wp-content\/uploads\/2021\/09\/a2-imagen11.jpg 1757w, https:\/\/museobarrioelmorro.cl\/wp-content\/uploads\/2021\/09\/a2-imagen11-300x200.jpg 300w, https:\/\/museobarrioelmorro.cl\/wp-content\/uploads\/2021\/09\/a2-imagen11-1024x684.jpg 1024w, https:\/\/museobarrioelmorro.cl\/wp-content\/uploads\/2021\/09\/a2-imagen11-768x513.jpg 768w, https:\/\/museobarrioelmorro.cl\/wp-content\/uploads\/2021\/09\/a2-imagen11-1536x1025.jpg 1536w, https:\/\/museobarrioelmorro.cl\/wp-content\/uploads\/2021\/09\/a2-imagen11-1155x771.jpg 1155w, https:\/\/museobarrioelmorro.cl\/wp-content\/uploads\/2021\/09\/a2-imagen11-120x80.jpg 120w, https:\/\/museobarrioelmorro.cl\/wp-content\/uploads\/2021\/09\/a2-imagen11-81x54.jpg 81w\"><\/div><figcaption class=\"padding-seven-all bg-white last-paragraph-no-margin\"  style=\"background-color:rgba(0,0,0,0.85) !important;\"><div class=\"display-table width-100 height-100\"><div class=\"display-table-cell vertical-align-middle\"><span class=\"text-medium-gray alt-font\" style=\"color: #939393;\">Art\u00edculo 2<\/span><span class=\"text-large font-weight-600 text-extra-dark-gray alt-font padding-15px-bottom display-block \" style=\"color: #ffffff;\">EL BARRIO EL MORRO DESDE LA REP\u00daBLICA DEL PER\u00da<\/span><div class=\"last-paragraph-no-margin\"><p>Hasta el siglo XX:\u00a0Industrias y desarrollo urbano.<\/p>\n<\/div><a class=\"btn btn-dark-gray btn-small margin-30px-top\" target=\"_self\" href=\"https:\/\/museobarrioelmorro.cl\/index.php\/articulo-2\/\">VISITAR<\/a><\/div><\/div><\/figcaption><\/figure><\/div><\/div><\/div><\/div><div class=\"wpb_column vc_column_container vc_col-sm-12 vc_col-md-4 col-xs-mobile-fullwidth\"><div class=\"vc_column-inner \"><div class=\"wpb_wrapper\"><div class=\"featurebox18 pofo-featurebox banner-style2 featurebox18-3\" ><figure><div class=\"banner-image bg-black height-400px cover-background height-350px bg-image-srcset\" style=\"background-image:url('https:\/\/museobarrioelmorro.cl\/wp-content\/uploads\/2021\/09\/a3-Imagen10.jpg');\" data-bg-srcset=\"https:\/\/museobarrioelmorro.cl\/wp-content\/uploads\/2021\/09\/a3-Imagen10.jpg 1757w, https:\/\/museobarrioelmorro.cl\/wp-content\/uploads\/2021\/09\/a3-Imagen10-300x179.jpg 300w, https:\/\/museobarrioelmorro.cl\/wp-content\/uploads\/2021\/09\/a3-Imagen10-1024x611.jpg 1024w, https:\/\/museobarrioelmorro.cl\/wp-content\/uploads\/2021\/09\/a3-Imagen10-768x459.jpg 768w, https:\/\/museobarrioelmorro.cl\/wp-content\/uploads\/2021\/09\/a3-Imagen10-1536x917.jpg 1536w, https:\/\/museobarrioelmorro.cl\/wp-content\/uploads\/2021\/09\/a3-Imagen10-1200x716.jpg 1200w, https:\/\/museobarrioelmorro.cl\/wp-content\/uploads\/2021\/09\/a3-Imagen10-120x72.jpg 120w, https:\/\/museobarrioelmorro.cl\/wp-content\/uploads\/2021\/09\/a3-Imagen10-81x48.jpg 81w\"><\/div><figcaption class=\"padding-seven-all bg-white last-paragraph-no-margin\"  style=\"background-color:rgba(0,0,0,0.85) !important;\"><div class=\"display-table width-100 height-100\"><div class=\"display-table-cell vertical-align-middle\"><span class=\"text-medium-gray alt-font\" style=\"color: #939393;\">Art\u00edculo 3<\/span><span class=\"text-large font-weight-600 text-extra-dark-gray alt-font padding-15px-bottom display-block \" style=\"color: #ffffff;\">EL MORRO<\/span><div class=\"last-paragraph-no-margin\"><p>Sociedad, habitantes y cultura<\/p>\n<\/div><a class=\"btn btn-dark-gray btn-small margin-30px-top\" target=\"_self\" href=\"https:\/\/museobarrioelmorro.cl\/index.php\/el-morro-sociedad-habitantes-y-cultura\/\">VISITAR<\/a><\/div><\/div><\/figcaption><\/figure><\/div><\/div><\/div><\/div><\/section><div class=\"vc_row-full-width vc_clearfix\"><\/div>\n<\/section>","protected":false},"excerpt":{"rendered":"Art\u00edculo 1EL MORRO EN EL PASADO LEJANOGeomorfolog\u00eda, arqueolog\u00eda e historia hasta fines del periodo colonia. VISITARArt\u00edculo 2EL BARRIO EL MORRO DESDE LA REP\u00daBLICA DEL PER\u00daHasta el siglo XX:\u00a0Industrias y desarrollo urbano. VISITARArt\u00edculo 3EL MORROSociedad, habitantes y cultura VISITAR","protected":false},"author":1,"featured_media":0,"parent":0,"menu_order":0,"comment_status":"closed","ping_status":"closed","template":"","meta":{"footnotes":""},"class_list":["post-22855","page","type-page","status-publish","hentry"],"_links":{"self":[{"href":"https:\/\/museobarrioelmorro.cl\/index.php\/wp-json\/wp\/v2\/pages\/22855","targetHints":{"allow":["GET"]}}],"collection":[{"href":"https:\/\/museobarrioelmorro.cl\/index.php\/wp-json\/wp\/v2\/pages"}],"about":[{"href":"https:\/\/museobarrioelmorro.cl\/index.php\/wp-json\/wp\/v2\/types\/page"}],"author":[{"embeddable":true,"href":"https:\/\/museobarrioelmorro.cl\/index.php\/wp-json\/wp\/v2\/users\/1"}],"replies":[{"embeddable":true,"href":"https:\/\/museobarrioelmorro.cl\/index.php\/wp-json\/wp\/v2\/comments?post=22855"}],"version-history":[{"count":0,"href":"https:\/\/museobarrioelmorro.cl\/index.php\/wp-json\/wp\/v2\/pages\/22855\/revisions"}],"wp:attachment":[{"href":"https:\/\/museobarrioelmorro.cl\/index.php\/wp-json\/wp\/v2\/media?parent=22855"}],"curies":[{"name":"wp","href":"https:\/\/api.w.org\/{rel}","templated":true}]}}