{"id":23101,"date":"2023-12-01T20:25:07","date_gmt":"2023-12-01T20:25:07","guid":{"rendered":"https:\/\/museobarrioelmorro.cl\/?page_id=23101"},"modified":"2024-01-26T19:46:57","modified_gmt":"2024-01-26T19:46:57","slug":"elba-varas-gonzalez","status":"publish","type":"page","link":"https:\/\/museobarrioelmorro.cl\/index.php\/elba-varas-gonzalez\/","title":{"rendered":"Elba Varas Gonz\u00e1lez"},"content":{"rendered":"<section class=\"wpb-content-wrapper\"><section class=\"vc_row wpb_row vc_row-fluid\"><div class=\"wpb_column vc_column_container vc_col-sm-12  col-xs-mobile-fullwidth\"><div class=\"vc_column-inner \"><div class=\"wpb_wrapper\">[vc_video link=&#8221;https:\/\/vimeo.com\/892041200&#8243;][vc_empty_space]<div class=\"last-paragraph-no-margin\"><p><span style=\"font-weight: 400;\">La memoria de do\u00f1a Elba Varas Gonz\u00e1lez, es un verdadero tesoro. Debe ser la morrina que recuerda con mayor nitidez y detalle cada momento vivido, junto a sus vecinos, en su querido barrio. Navidades, fiestas vecinales, pero, sobre todo, el carnaval, son recuerdos arraigados en la mente de la se\u00f1ora Elba, que, a sus 70 a\u00f1os, relata como si los a\u00f1os dorados del barrio El Morro, hubieran sido ayer. La \u00e9poca en la que los ni\u00f1os de la calle Wilson, Covadonga, Izasa y de los cites jugaban todos revueltos a la pelota en canchas improvisadas, el viejo tiempo cuando sin la uni\u00f3n de todos, no se pod\u00eda salir adelante.\u00a0<\/span><\/p>\n<p><span style=\"font-weight: 400;\">Do\u00f1a Elba nos cont\u00f3 que fue una testigo privilegiada de los inicios del famoso carnaval morrino, ya que su abuelo, don Luis Gonz\u00e1lez Vila, comenz\u00f3 con esta tradici\u00f3n que se mantiene hasta nuestros d\u00edas, aunque algunos del Morro sean enf\u00e1ticos en decir que ya no queda nada de las primeras comparsas, ni de los paseos en carreta por la poblaci\u00f3n de las candidatas a reina.<\/span><\/p>\n<p><span style=\"font-weight: 400;\">\u201cMi abuelo celebraba los carnavales en la cuadra, despu\u00e9s ese carnaval se llev\u00f3 al Morro y all\u00ed empez\u00f3 a celebrarse en el Club Uni\u00f3n Morro, pero \u00e9l fue el que llev\u00f3 eso al barrio, en esos a\u00f1os hab\u00eda carretas las que se adornaban para sacar las candidatas a reina y se paseaban en carretas y todo esto llegaba hasta Vivar, las comparsas, los ni\u00f1os disfrazados, todo eso fue algo muy hermoso y muy sano, son recuerdos de mi ni\u00f1ez\u201d, relata.\u00a0\u00a0<\/span><\/p>\n<p><span style=\"font-weight: 400;\">\u201cTodos los de la cuadras jugaban, las mujeres sacaban baldes con agua, se jugaba en la calle hasta las siete u ocho de la tarde y despu\u00e9s todos nos \u00edbamos a la playa, en esos a\u00f1os estaban los ba\u00f1os Bellavista y los bailables en la noche se hab\u00edan en este lugar celebrando el carnaval y las playas del Morro estaban topadas de carpas, \u00edbamos todas las familias en carpas\u201d, agrega nost\u00e1lgica, como si a\u00fan estuviera ah\u00ed.\u00a0<\/span><\/p>\n<p><span style=\"font-weight: 400;\">Pero Elba detiene su relato sobre esta fiesta barrial, para transmitirnos c\u00f3mo se celebraba en el infaltable \u201cd\u00eda de los picaos\u201d, en el medio del carnaval. Porque dice que, a pesar de las precariedades econ\u00f3micas de muchos vecinos, los m\u00e1s j\u00f3venes se las arreglaban para salir jugar ese d\u00eda en especial, todos \u201cbien picaos\u201d.<\/span><\/p>\n<p><span style=\"font-weight: 400;\">\u201cJug\u00e1bamos en las calles al d\u00eda de los picao, ah\u00ed nos pic\u00e1bamos todos. En esos a\u00f1os ah\u00ed se hac\u00eda hervir la ropa con fuego a le\u00f1a en tambores y resulta que nosotros nos moj\u00e1bamos las manos y las pas\u00e1bamos por holl\u00edn y eso us\u00e1bamos para pas\u00e1rsela por la cara a los hombres. Me acuerdo de que, mi papa como era alba\u00f1il, \u00e9l ten\u00eda tierra, no pintura, tierra roja, verde, amarilla y con eso nos pint\u00e1bamos. Y los hombres sal\u00edan todos pintados con rush, as\u00ed era el d\u00eda de los picaos\u201d, nos dice con una picard\u00eda nost\u00e1lgica.\u00a0<\/span><\/p>\n<p><strong>Herencia que perdur\u00f3\u00a0<\/strong><\/p>\n<p><span style=\"font-weight: 400;\">Aunque no parezca cierto, Do\u00f1a Elba Varas, nos revel\u00f3 que por muchos a\u00f1os y por distintos motivos, el barrio no tuvo su tradicional carnaval. Debi\u00f3 pasar el tiempo, para que don Manuel Gonz\u00e1lez Vivar, retomara el trabajo de su padre y abuelo de Elba, don Luis Gonz\u00e1lez y de esta forma, terminaran los silencios febreros en el Morro, volvieran las candidatas a reina, los bailoteos, la challa y la diversi\u00f3n sin l\u00edmites y asegurada, que ocurr\u00eda para las familias morrinas, solo una vez en el a\u00f1o.\u00a0<\/span><\/p>\n<p><span style=\"font-weight: 400;\">\u201cEl que volvi\u00f3 a levantar el carnaval hace algunos a\u00f1os fue don Manuel Gonz\u00e1lez Vivar, \u00e9l hered\u00f3 lo de mi abuelo, porque era hijo de mi abuelo, \u00e9l volvi\u00f3 a formar el carnaval en el barrio, lo hizo similar o m\u00e1s bonito que mi mismo abuelo, fueron muy pocos los integrantes que formaban el comit\u00e9 de carnaval, pero trabaja todo un barrio\u201d, nos manifiesta.\u00a0<\/span><\/p>\n<p><span style=\"font-weight: 400;\">Nos cuenta tambi\u00e9n que de la mano de don Manuel Gonz\u00e1lez, hubo una revoluci\u00f3n en la forma de organizar y celebrar el carnaval, el dirigente mantuvo las ic\u00f3nicas competencias, pero agreg\u00f3 un valor agregado, pensado en el crecimiento del Club Uni\u00f3n Morro.\u00a0 \u201cCada cuadra que ten\u00eda su candidata, sacaba su carro aleg\u00f3rico y sacaba su disfraz y las candidatas ganaban por plata, es decir, la que entregaba m\u00e1s plata al club era la reina, y esa plata quedaba para el Club Uni\u00f3n Morro, para que tuviera sus fondos y fuera cubriendo las necesidades del mismo club\u201d, comenta.<\/span><\/p>\n<p><span style=\"font-weight: 400;\">Do\u00f1a Elba Varas Gonz\u00e1lez, se autonombra como una \u201cvocera del morrino antiguo\u201d, de esos que pasaban todo el d\u00eda en Bellavista, que jugaban a la pelota a pata pel\u00e1, de los que defend\u00edan los colores de su querido barrio, por eso recalca la importancia de siempre, pero siempre, hablar con amor del Morro, donde sea, dejando en claro la historia y las tradiciones acunadas en este lado de la ciudad.\u00a0<\/span><\/p>\n<p><span style=\"font-weight: 400;\">\u00a0\u201cYo soy una vocera del morrino antiguo, donde me presento hablo de mi barrio, por eso yo le pido que no dejen de quererlo, que traten siempre de mantenerlo en alto y que luchen por su identidad, ya sea el Club Uni\u00f3n Morro, la junta de vecinos o la Sociedad Cat\u00f3lica Pieles Rojas, porque lo que yo viv\u00ed fue muy hermoso y siento que se est\u00e1 debilitando y eso no puede ser, mi barrio siempre ha sido un barrio que ha entregado mucho, hemos tenido grandes campeones, grandes jugadores, grandes directivas, entonces es lindo pensar de que eso no se muera\u201d, manifiesta al terminar la entrevista.\u00a0<\/span><\/p>\n<p style=\"text-align: center;\"><b>&#8220;MEMORIAS MORRINAS ES UN PROYECTO FINANCIADO POR EL MINISTERIO DE LAS CULTURAS, LAS ARTES Y EL PATRIMONIO&#8221;<\/b><\/p>\n<p>&nbsp;<\/p>\n<\/div>[vc_single_image image=&#8221;23173&#8243; img_size=&#8221;medium&#8221; alignment=&#8221;center&#8221;]<\/div><\/div><\/div><\/section>\n<\/section>","protected":false},"excerpt":{"rendered":"[vc_video link=\"https:\/\/vimeo.com\/892041200\"][vc_empty_space]La memoria de do\u00f1a Elba Varas Gonz\u00e1lez, es un verdadero tesoro. Debe ser la morrina que recuerda con mayor nitidez y detalle cada momento vivido, junto a sus vecinos, en su querido barrio. Navidades, fiestas vecinales, pero, sobre todo, el carnaval, son recuerdos arraigados en la mente de la se\u00f1ora Elba, que, a sus 70 a\u00f1os, relata como si los a\u00f1os dorados del barrio El Morro, hubieran sido ayer. La \u00e9poca en la que los ni\u00f1os de la calle Wilson, Covadonga, Izasa y de los cites jugaban todos revueltos a la pelota en canchas improvisadas, el viejo tiempo cuando sin la uni\u00f3n de todos, no se pod\u00eda salir adelante.\u00a0 Do\u00f1a Elba nos cont\u00f3 que fue una testigo privilegiada de los inicios del famoso carnaval morrino, ya que su abuelo, don Luis Gonz\u00e1lez Vila, comenz\u00f3 con esta tradici\u00f3n que se mantiene hasta nuestros d\u00edas, aunque algunos del Morro sean enf\u00e1ticos en decir que ya no queda nada de las primeras comparsas, ni de los paseos en carreta por la poblaci\u00f3n de las candidatas a reina. \u201cMi abuelo celebraba los carnavales en la cuadra, despu\u00e9s ese carnaval se llev\u00f3 al Morro y all\u00ed empez\u00f3 a celebrarse en el Club Uni\u00f3n Morro,...","protected":false},"author":1,"featured_media":0,"parent":0,"menu_order":0,"comment_status":"closed","ping_status":"closed","template":"","meta":{"footnotes":""},"class_list":["post-23101","page","type-page","status-publish","hentry"],"_links":{"self":[{"href":"https:\/\/museobarrioelmorro.cl\/index.php\/wp-json\/wp\/v2\/pages\/23101","targetHints":{"allow":["GET"]}}],"collection":[{"href":"https:\/\/museobarrioelmorro.cl\/index.php\/wp-json\/wp\/v2\/pages"}],"about":[{"href":"https:\/\/museobarrioelmorro.cl\/index.php\/wp-json\/wp\/v2\/types\/page"}],"author":[{"embeddable":true,"href":"https:\/\/museobarrioelmorro.cl\/index.php\/wp-json\/wp\/v2\/users\/1"}],"replies":[{"embeddable":true,"href":"https:\/\/museobarrioelmorro.cl\/index.php\/wp-json\/wp\/v2\/comments?post=23101"}],"version-history":[{"count":4,"href":"https:\/\/museobarrioelmorro.cl\/index.php\/wp-json\/wp\/v2\/pages\/23101\/revisions"}],"predecessor-version":[{"id":23190,"href":"https:\/\/museobarrioelmorro.cl\/index.php\/wp-json\/wp\/v2\/pages\/23101\/revisions\/23190"}],"wp:attachment":[{"href":"https:\/\/museobarrioelmorro.cl\/index.php\/wp-json\/wp\/v2\/media?parent=23101"}],"curies":[{"name":"wp","href":"https:\/\/api.w.org\/{rel}","templated":true}]}}