{"id":23134,"date":"2023-12-07T00:08:16","date_gmt":"2023-12-07T00:08:16","guid":{"rendered":"https:\/\/museobarrioelmorro.cl\/?page_id=23134"},"modified":"2024-01-26T19:44:16","modified_gmt":"2024-01-26T19:44:16","slug":"miranda","status":"publish","type":"page","link":"https:\/\/museobarrioelmorro.cl\/index.php\/miranda\/","title":{"rendered":"Hermanos Miranda"},"content":{"rendered":"<section class=\"wpb-content-wrapper\"><section class=\"vc_row wpb_row vc_row-fluid\"><div class=\"wpb_column vc_column_container vc_col-sm-12  col-xs-mobile-fullwidth\"><div class=\"vc_column-inner \"><div class=\"wpb_wrapper\">[vc_video link=&#8221;https:\/\/vimeo.com\/892046130\/&#8221;][vc_empty_space]<div class=\"last-paragraph-no-margin\"><p><b>La resistencia de los Hermanos Miranda<\/b><\/p>\n<p><span style=\"font-weight: 400;\">Quien no conoce o no ha o\u00eddo hablar de los Miranda, Adriana del Carmen Miranda Medina, conocida como la T\u00eda Carmen o su hermano Daniel Miranda Medina, el famoso \u201cIndio Huiro\u201d, es porque definitivamente no se ha adentrado lo suficiente en la historia barrial y deportiva del barrio El Morro.\u00a0<\/span><\/p>\n<p><span style=\"font-weight: 400;\">Con su casa de techo alto, de inconfundible arquitectura iquique\u00f1a, ubicada en calle Covadonga, entre Grumete Bolados y Wilson, podr\u00eda decirse que son uno de los \u00faltimos bastiones de morrinos de tomo y lomo que siguen habitando el barrio y manteni\u00e9ndose firmes y hasta el final con sus tradiciones.\u00a0<\/span><\/p>\n<p><span style=\"font-weight: 400;\">Son de esos vecinos que, aunque la cosa est\u00e9 mala en la calle, siguen dejando la puerta de su casa abierta, as\u00ed como lo hac\u00edan sus padres y ellos, hace m\u00e1s de 60 a\u00f1os, cuando el barrio era el hogar de un gran famili\u00f3n de obreros y pescadores, changos modernos buenos para la pelota y el b\u00e1squetbol.\u00a0<\/span><\/p>\n<p><span style=\"font-weight: 400;\">Pero es que para que tu chapa sea \u201cIndio Huiro\u201d es porque tienes que ser casi un anfibio, algo as\u00ed dice ser Daniel Medina, uno que aprendi\u00f3 a nadar a la manera de los morrinos m\u00e1s viejos, gualetiando ah\u00ed adentro en las corrientes de la Bellavista.\u00a0\u00a0\u00a0<\/span><\/p>\n<p><span style=\"font-weight: 400;\">\u201cEl deporte que hab\u00eda antiguamente ac\u00e1 era nataci\u00f3n y waterpolo y en esos a\u00f1os mi taita era waterpolista, ya jugaba por el morro y cuando los viejos nos ense\u00f1aron a nadar, nosotros en la playa nos ba\u00f1\u00e1bamos calatos, nos pescaban, nos echaban en la espalda y nos llevaban para afuera y all\u00e1 nos tiraban como una pelota \u00a1pum! y sal\u00edamos como a tres metros y ah\u00ed gualetiando, gualetiando, cuando ya ve\u00edan los viejos que est\u00e1bamos cansados, nos tra\u00edan a la orilla\u201d, cuenta el Indio.\u00a0<\/span><\/p>\n<p><span style=\"font-weight: 400;\">\u201cDespu\u00e9s nos llevaban a la piscina Godoy, como era una piscina principi\u00e1bamos en la piscina chica, nad\u00e1bamos para todos lados. A mi padre le pusieron el Indio Huiro, \u00e9l era arquero de waterpolo y a mi colocaron el Indio Huiro chico\u201d, revela el ex jugador de f\u00fatbol, b\u00e1squetbol y waterpolo.\u00a0\u00a0<\/span><\/p>\n<p><span style=\"font-weight: 400;\">Al preguntarle por qu\u00e9 en este barrio se practicaba tanto deporte, Daniel no logr\u00f3 encontrar una respuesta al por qu\u00e9 de esta fama, pero fue claro en afirmar que es algo que se practica desde las generaciones m\u00e1s antiguas del Morro, dice que, as\u00ed como su pap\u00e1 fue deportista, quiz\u00e1s tambi\u00e9n su abuelo y bisabuelo. \u201cEso es lo que no sabemos, porque los viejos jugaban. Ac\u00e1 en el Morro hab\u00eda hasta box y a nosotros nos hac\u00edan jugar a la pelota en la calle, a las ocho, a las nueve de la noche\u201d.\u00a0<\/span><\/p>\n<p><span style=\"font-weight: 400;\">\u201cLos Viejos\u201d, parecieran pieza fundamental en la estructura barrial de esos a\u00f1os en Iquique, as\u00ed lo recuerda el Indio Huiro, caballeros merecedores, por regla, de respeto y cuidado por parte de los m\u00e1s j\u00f3venes.\u00a0<\/span><\/p>\n<p><span style=\"font-weight: 400;\">\u201cA nosotros siempre, siempre, siempre nos dec\u00edan los viejos cuando se colocaban a tomar y nosotros \u00edbamos, que ten\u00edamos que ser respetuosos y ayudar al viejo. Cuando ellos andaban curaos ten\u00edamos que llevarlos a la casa, as\u00ed que eso era lo que hac\u00edamos nosotros, como viv\u00edan ac\u00e1 en el barrio no les pas\u00f3 nunca nada. En esos tiempos nos daban un 20, una chaucha, 20 centavos y nosotros qued\u00e1bamos m\u00e1s contentos, fuimos as\u00ed, unidos\u201d, recuerda a\u00f1orando Daniel.\u00a0<\/span><\/p>\n<p><span style=\"font-weight: 400;\">Mientras el Indio Huiro nos cuenta sobre sus travesuras, de los a\u00f1os dorados del waterpolo y de c\u00f3mo a sus 82 a\u00f1os ha logrado burlar tres veces a la muerte, su hermana Adriana asiente en todo momento con su cabeza, a modo de decirnos que todo lo que dice es la pura y santa verdad. Ella al igual que los \u00faltimos morrinos, sigue habitando el barrio de su ni\u00f1ez y se apena con la muerte de cada vecino, no es para menos, es uno menos de los pocos que van quedando.\u00a0<\/span><\/p>\n<p><span style=\"font-weight: 400;\">\u201cCuando nosotros viv\u00edamos ac\u00e1, eran puras casitas viejas, todas, todas eran viejas, no como ahora, antes hab\u00eda un cit\u00e9 antiguo donde ahora est\u00e1n los departamentos, pero pr\u00e1cticamente era un barrio as\u00ed de puras casitas en la que uno pod\u00eda pasar de una hacia la otra, \u00e9ramos todos vecinos, \u00e9ramos todos como una familia. Yo nac\u00ed en un conventillo donde, ah\u00ed al frente de los carabineros\u201d, nos comenta se\u00f1alando calle Freddy Taberna con una magn\u00edfica memoria fotogr\u00e1fica.\u00a0<\/span><\/p>\n<p><span style=\"font-weight: 400;\">\u201cEra una vida muy buena, porque nunca nadie se peleaba, siempre todos unidos, uno iba almorzar a la casa de al lado, despu\u00e9s a otra, \u00e9ramos todos como una familia\u201d, acota.<\/span><\/p>\n<p><span style=\"font-weight: 400;\">Pero las noticias de morrinos antiguos que fallecen se vuelven cada vez m\u00e1s comunes en el barrio, amigos de juegos, de chaya, de piqueros en la playa, que se llevan con ellos un pedazo de la enorme historia del Morro. Adriana lo lamenta porque ya no son muchos los oriundos. \u201cCuando muri\u00f3 la Sandra me dio mucha, mucha pena, porque nosotros nos criamos juntos con ella, entonces lo lament\u00e9 mucho con lo que le pas\u00f3, yo la acompa\u00f1\u00e9 hasta que falleci\u00f3. Es que queda muy poca gente, muy pocos morrinos\u201d.\u00a0<\/span><\/p>\n<p><span style=\"font-weight: 400;\">A\u00fan as\u00ed una de las tantas formas que tiene Adriana de mantener con vida al barrio y sus tradiciones es preparando los mismos platos que com\u00eda cuando ni\u00f1a, recetas que han ido pasando de generaci\u00f3n en generaci\u00f3n y que ahora \u00faltimo le han dado hasta fama en otras ciudades del pa\u00eds. Picantes de mariscos, ceviches, caldillos, platos que algunas formaron parte de la privilegiada dieta de los m\u00e1s antiguos, por lo general, hijos e hijas de pescadores y que esta mujer de 75 a\u00f1os transmite a trav\u00e9s del saz\u00f3n.\u00a0<\/span><\/p>\n<p><span style=\"font-weight: 400;\">\u201cHe tenido ceviche, picante de locos, preparo el caldillo de congrio, ah\u00ed tengo mi cartel. Mantengo la tradici\u00f3n porque todos vienen para ac\u00e1, saben que ac\u00e1 se come como morrino y harto, aparte que est\u00e1 todo fresco, el mono fresco, albacora fresca para el escabechado. Mi mam\u00e1 tuvo 10 hijos y a todos nos cri\u00f3 con mariscos, nunca nos falt\u00f3 nada gracias a Dios\u201d, afirma orgullosa Adriana seguida por el Indio Huiro.\u00a0<\/span><\/p>\n<p style=\"text-align: center;\"><b>&#8220;MEMORIAS MORRINAS ES UN PROYECTO FINANCIADO POR EL MINISTERIO DE LAS CULTURAS, LAS ARTES Y EL PATRIMONIO&#8221;<\/b><\/p>\n<p>&nbsp;<\/p>\n<\/div>[vc_single_image image=&#8221;23173&#8243; img_size=&#8221;&#8221; alignment=&#8221;center&#8221;]<\/div><\/div><\/div><\/section>\n<\/section>","protected":false},"excerpt":{"rendered":"[vc_video link=\"https:\/\/vimeo.com\/892046130\/\"][vc_empty_space]La resistencia de los Hermanos Miranda Quien no conoce o no ha o\u00eddo hablar de los Miranda, Adriana del Carmen Miranda Medina, conocida como la T\u00eda Carmen o su hermano Daniel Miranda Medina, el famoso \u201cIndio Huiro\u201d, es porque definitivamente no se ha adentrado lo suficiente en la historia barrial y deportiva del barrio El Morro.\u00a0 Con su casa de techo alto, de inconfundible arquitectura iquique\u00f1a, ubicada en calle Covadonga, entre Grumete Bolados y Wilson, podr\u00eda decirse que son uno de los \u00faltimos bastiones de morrinos de tomo y lomo que siguen habitando el barrio y manteni\u00e9ndose firmes y hasta el final con sus tradiciones.\u00a0 Son de esos vecinos que, aunque la cosa est\u00e9 mala en la calle, siguen dejando la puerta de su casa abierta, as\u00ed como lo hac\u00edan sus padres y ellos, hace m\u00e1s de 60 a\u00f1os, cuando el barrio era el hogar de un gran famili\u00f3n de obreros y pescadores, changos modernos buenos para la pelota y el b\u00e1squetbol.\u00a0 Pero es que para que tu chapa sea \u201cIndio Huiro\u201d es porque tienes que ser casi un anfibio, algo as\u00ed dice ser Daniel Medina, uno que aprendi\u00f3 a nadar a la manera de los morrinos m\u00e1s viejos,...","protected":false},"author":1,"featured_media":0,"parent":0,"menu_order":0,"comment_status":"closed","ping_status":"closed","template":"","meta":{"footnotes":""},"class_list":["post-23134","page","type-page","status-publish","hentry"],"_links":{"self":[{"href":"https:\/\/museobarrioelmorro.cl\/index.php\/wp-json\/wp\/v2\/pages\/23134","targetHints":{"allow":["GET"]}}],"collection":[{"href":"https:\/\/museobarrioelmorro.cl\/index.php\/wp-json\/wp\/v2\/pages"}],"about":[{"href":"https:\/\/museobarrioelmorro.cl\/index.php\/wp-json\/wp\/v2\/types\/page"}],"author":[{"embeddable":true,"href":"https:\/\/museobarrioelmorro.cl\/index.php\/wp-json\/wp\/v2\/users\/1"}],"replies":[{"embeddable":true,"href":"https:\/\/museobarrioelmorro.cl\/index.php\/wp-json\/wp\/v2\/comments?post=23134"}],"version-history":[{"count":1,"href":"https:\/\/museobarrioelmorro.cl\/index.php\/wp-json\/wp\/v2\/pages\/23134\/revisions"}],"predecessor-version":[{"id":23186,"href":"https:\/\/museobarrioelmorro.cl\/index.php\/wp-json\/wp\/v2\/pages\/23134\/revisions\/23186"}],"wp:attachment":[{"href":"https:\/\/museobarrioelmorro.cl\/index.php\/wp-json\/wp\/v2\/media?parent=23134"}],"curies":[{"name":"wp","href":"https:\/\/api.w.org\/{rel}","templated":true}]}}