{"id":23137,"date":"2023-12-07T00:50:05","date_gmt":"2023-12-07T00:50:05","guid":{"rendered":"https:\/\/museobarrioelmorro.cl\/?page_id=23137"},"modified":"2024-01-26T19:47:11","modified_gmt":"2024-01-26T19:47:11","slug":"freddyvergara","status":"publish","type":"page","link":"https:\/\/museobarrioelmorro.cl\/index.php\/freddyvergara\/","title":{"rendered":"Freddy Vergara"},"content":{"rendered":"<section class=\"wpb-content-wrapper\"><section class=\"vc_row wpb_row vc_row-fluid\"><div class=\"wpb_column vc_column_container vc_col-sm-12  col-xs-mobile-fullwidth\"><div class=\"vc_column-inner \"><div class=\"wpb_wrapper\">[vc_video link=&#8221;https:\/\/vimeo.com\/891965653&#8243;][vc_empty_space]<div class=\"last-paragraph-no-margin\"><p><span style=\"font-weight: 400;\">Cuando el barrio El Morro se extend\u00eda desde calle Bol\u00edvar, por todo An\u00edbal Pinto, hasta llegar a la piscina Alcalde Godoy, el deporte era la \u00fanica forma de que los ni\u00f1os, ni\u00f1as y j\u00f3venes del barrio se entretuvieran y pasaran los calurosos d\u00edas iquique\u00f1os.\u00a0<\/span><\/p>\n<p><span style=\"font-weight: 400;\">En esos tiempos naci\u00f3 y creci\u00f3 Freddy Vergara, waterpolista y nadador de coraz\u00f3n, un excampe\u00f3n que lo gan\u00f3 todo a nivel nacional representando al Uni\u00f3n Morro. Criado en Bulnes con la costanera, a sus 83 a\u00f1os, sigue vigente como deportista y entrenador, con ganas de seguir agrandando el medallero y los palmares de su querido club.\u00a0<\/span><\/p>\n<p><span style=\"font-weight: 400;\">Cuenta que hace m\u00e1s de 70 a\u00f1os, en el barrio hab\u00eda canchas de tenis, cuatro canchas de f\u00fatbol, se practicaba mucho b\u00e1squetbol, se jugaba harto a la pelota en la arena y claramente la nataci\u00f3n y el waterpolo eran los deportes m\u00e1s practicados. Estos \u00faltimos, terminaron por apasionar al joven Freddy, que relata, entrenaban duro nadando contra la corriente en toda la extensi\u00f3n de playa Bellavista, \u201cel patio de los morrinos\u201d, como le gusta decirle.\u00a0<\/span><\/p>\n<p><span style=\"font-weight: 400;\">Asegura tambi\u00e9n que esta forma de prepararse para las competencias hizo a los albicelestes \u201cimbatibles\u201d frente a los dem\u00e1s clubes de Iquique, que no pod\u00edan contra un a un equipo en el que dentro de sus filas, hab\u00eda jugadores que iban de la escuela a la playa, todos los d\u00edas, desde ni\u00f1os, cateteados, adem\u00e1s, por deportistas m\u00e1s viejos que los met\u00edan al mar si no sab\u00edan nadar. \u201cEl que no nada sabe nadar no es morrino\u201d, les repet\u00edan.\u00a0<\/span><\/p>\n<p><span style=\"font-weight: 400;\">Pero Freddy Vergara, recuerda que toda esta vor\u00e1gine de entrenamientos, juventud y \u00e9xitos deportivos, estuvo siempre marcada por la pobreza, con casas de calaminas que rodeaban las canchas, pero con una vida de barrio que no deja de a\u00f1orar. Afirma que creci\u00f3 rodeado de buenos vecinos, unidos y dispuestos a apoyarse en tiempos dif\u00edciles.\u00a0<\/span><\/p>\n<p><span style=\"font-weight: 400;\">Dice que las familias por esos a\u00f1os eran numerosas y la suya no era la excepci\u00f3n. En total eran 12 hermanos Vergara -de los que quedan dos vivos-. Por lo tanto, en un contexto de precariedad econ\u00f3mica generalizada, el esp\u00edritu vecinal del barrio comenta, era lo \u00fanico que les permit\u00eda, a todos juntos, hacerle frente a la necesidad.\u00a0<\/span><\/p>\n<p><span style=\"font-weight: 400;\">\u201cTodas las familias morrinas antes le tend\u00edan la mano a uno\u201d, sostiene Freddy, qui\u00e9n, adem\u00e1s, se emociona con el recuerdo de familias como los Bolados o los Pav\u00e9z, las que, expresa, ten\u00edan sus puertas abiertas y que, sin problemas estiraban lo que m\u00e1s pod\u00edan la olla para invitar a comer a alg\u00fan vecino que no tuviera. \u201cTodos \u00e9ramos amigos\u201d.<\/span><\/p>\n<p><span style=\"font-weight: 400;\">Todo eso embarga de nostalgia al deportista senior del Morro, como tambi\u00e9n la remembranza de las pichangas que se jugaban en Bellavista, cuando esta, asegura, ten\u00eda tanta arena como Playa Brava; con los piqueros despu\u00e9s de las clases en la Escuela N\u00b03 y con el ejemplo de los m\u00e1s viejos del club, con el que sostiene, logr\u00f3 \u201cmuchas cosas\u201d.\u00a0<\/span><\/p>\n<p><span style=\"font-weight: 400;\">Pero a Freddy se le pasa la nostalgia cuando se mete a la piscina para entrenar y prepararse para su pr\u00f3ximo gran desaf\u00edo: el sudamericano de nataci\u00f3n en Lima, donde ir\u00e1, c\u00f3mo siempre lo ha hecho, defendiendo a sus 83 a\u00f1os los colores de su barrio.<\/span><\/p>\n<p><span style=\"font-weight: 400;\">Por ahora, el \u00fanico deseo de este emblema deportivo en el centenario de su querido club, es que los m\u00e1s j\u00f3venes que hoy forman parte de la Instituci\u00f3n, sigan el ejemplo, como \u00e9l lo hizo, de los m\u00e1s viejos, de nunca rendirse y siempre ir hacia adelante. Aunque cree que el bodyboard y el surf, terminaron por quedarse con varios cabros buenos para el agua, que estaban pintados para la nataci\u00f3n o para jugar waterpolo, como lo hicieron sus padres, abuelos y bisabuelos.\u00a0\u00a0<\/span><\/p>\n<p><span style=\"font-weight: 400;\">De todas formas, Freddy Vergara, es un nacido y criado en este hist\u00f3rico barrio, quien con tristeza asegura con mucha fuerza que los buenos tiempos en El Morro ya no van a volver. Dice que el adelanto mat\u00f3 la buena vida que ten\u00edan los vecinos, los que terminaron por encerrarse en sus casas. Aun as\u00ed, no duda que va a morir en su barrio. \u201cNo es lo mismo que hab\u00eda ac\u00e1 antes, pero yo nac\u00ed y voy a morir ac\u00e1\u201d, afirma orgulloso.\u00a0<\/span><\/p>\n<p>&nbsp;<\/p>\n<p style=\"text-align: center;\"><strong>&#8220;MEMORIAS MORRINAS ES UN PROYECTO FINANCIADO POR EL MINISTERIO DE LAS CULTURAS, LAS ARTES Y EL PATRIMONIO&#8221;<\/strong><\/p>\n<p>&nbsp;<\/p>\n<\/div>[vc_single_image image=&#8221;23173&#8243; img_size=&#8221;medium&#8221; alignment=&#8221;center&#8221;]<\/div><\/div><\/div><\/section>\n<\/section>","protected":false},"excerpt":{"rendered":"[vc_video link=\"https:\/\/vimeo.com\/891965653\"][vc_empty_space]Cuando el barrio El Morro se extend\u00eda desde calle Bol\u00edvar, por todo An\u00edbal Pinto, hasta llegar a la piscina Alcalde Godoy, el deporte era la \u00fanica forma de que los ni\u00f1os, ni\u00f1as y j\u00f3venes del barrio se entretuvieran y pasaran los calurosos d\u00edas iquique\u00f1os.\u00a0 En esos tiempos naci\u00f3 y creci\u00f3 Freddy Vergara, waterpolista y nadador de coraz\u00f3n, un excampe\u00f3n que lo gan\u00f3 todo a nivel nacional representando al Uni\u00f3n Morro. Criado en Bulnes con la costanera, a sus 83 a\u00f1os, sigue vigente como deportista y entrenador, con ganas de seguir agrandando el medallero y los palmares de su querido club.\u00a0 Cuenta que hace m\u00e1s de 70 a\u00f1os, en el barrio hab\u00eda canchas de tenis, cuatro canchas de f\u00fatbol, se practicaba mucho b\u00e1squetbol, se jugaba harto a la pelota en la arena y claramente la nataci\u00f3n y el waterpolo eran los deportes m\u00e1s practicados. Estos \u00faltimos, terminaron por apasionar al joven Freddy, que relata, entrenaban duro nadando contra la corriente en toda la extensi\u00f3n de playa Bellavista, \u201cel patio de los morrinos\u201d, como le gusta decirle.\u00a0 Asegura tambi\u00e9n que esta forma de prepararse para las competencias hizo a los albicelestes \u201cimbatibles\u201d frente a los dem\u00e1s clubes de Iquique, que no...","protected":false},"author":1,"featured_media":0,"parent":0,"menu_order":0,"comment_status":"closed","ping_status":"closed","template":"","meta":{"footnotes":""},"class_list":["post-23137","page","type-page","status-publish","hentry"],"_links":{"self":[{"href":"https:\/\/museobarrioelmorro.cl\/index.php\/wp-json\/wp\/v2\/pages\/23137","targetHints":{"allow":["GET"]}}],"collection":[{"href":"https:\/\/museobarrioelmorro.cl\/index.php\/wp-json\/wp\/v2\/pages"}],"about":[{"href":"https:\/\/museobarrioelmorro.cl\/index.php\/wp-json\/wp\/v2\/types\/page"}],"author":[{"embeddable":true,"href":"https:\/\/museobarrioelmorro.cl\/index.php\/wp-json\/wp\/v2\/users\/1"}],"replies":[{"embeddable":true,"href":"https:\/\/museobarrioelmorro.cl\/index.php\/wp-json\/wp\/v2\/comments?post=23137"}],"version-history":[{"count":5,"href":"https:\/\/museobarrioelmorro.cl\/index.php\/wp-json\/wp\/v2\/pages\/23137\/revisions"}],"predecessor-version":[{"id":23191,"href":"https:\/\/museobarrioelmorro.cl\/index.php\/wp-json\/wp\/v2\/pages\/23137\/revisions\/23191"}],"wp:attachment":[{"href":"https:\/\/museobarrioelmorro.cl\/index.php\/wp-json\/wp\/v2\/media?parent=23137"}],"curies":[{"name":"wp","href":"https:\/\/api.w.org\/{rel}","templated":true}]}}