{"id":23141,"date":"2023-12-07T01:12:34","date_gmt":"2023-12-07T01:12:34","guid":{"rendered":"https:\/\/museobarrioelmorro.cl\/?page_id=23141"},"modified":"2024-01-26T19:45:46","modified_gmt":"2024-01-26T19:45:46","slug":"pedrodiaz","status":"publish","type":"page","link":"https:\/\/museobarrioelmorro.cl\/index.php\/pedrodiaz\/","title":{"rendered":"Pedro D\u00edaz Bravo"},"content":{"rendered":"<section class=\"wpb-content-wrapper\"><section class=\"vc_row wpb_row vc_row-fluid\"><div class=\"wpb_column vc_column_container vc_col-sm-12  col-xs-mobile-fullwidth\"><div class=\"vc_column-inner \"><div class=\"wpb_wrapper\">[vc_video link=&#8221;https:\/\/vimeo.com\/891985067&#8243;][vc_empty_space]<div class=\"last-paragraph-no-margin\"><p><b>QU\u00c9 SER\u00cdA DEL BARRIO EL MORRO SIN DON PEDRO D\u00cdAZ BRAVO\u00a0<\/b><\/p>\n<p><span style=\"font-weight: 400;\">Hablar de Pedro D\u00edaz Bravo, es hablar de historia pura y genuina de El Morro. Tiene an\u00e9cdotas y recuerdos para contar, f\u00e1cilmente, todo un d\u00eda y posiblemente para el siguiente. Y es que la carta de presentaci\u00f3n de Perucho lo dice todo: junto a sus hermanos, eran los conocidos Cabezones D\u00edaz, uno de los inventores de la tradicional traves\u00eda n\u00e1utica, destacado deportista del Uni\u00f3n Morro y un reconocido h\u00e9roe barrial, este \u00faltimo t\u00edtulo, se lo gan\u00f3 luego de salvar a cinco muchachos de morir ahogados en Bellavista. En pocas palabras, un verdadero guardi\u00e1n del patrimonio del barrio.<\/span><\/p>\n<p><span style=\"font-weight: 400;\">Aun as\u00ed, D\u00edaz Bravo de 77 a\u00f1os, se sincera cada vez que le preguntan si es verdaderamente morrino, respondiendo que \u201cmorrino, morrino, no es\u201d, porque lleg\u00f3 a los seis a\u00f1os a vivir en Pedro Lagos 1041, pero asegura que desde el primer d\u00eda que pis\u00f3 las calles de tierra del barrio, estuvo metido en el agua, mariscando en la costa y representando al club en cuanta competencia hubiera de f\u00fatbol o nataci\u00f3n.\u00a0<\/span><\/p>\n<p><span style=\"font-weight: 400;\">La memoria gr\u00e1fica de Perucho es un gran aliado a la hora de hablar sobre el pasado del hist\u00f3rico barrio, logrando transportar a quien lo escucha, a la vida en una ciudad del pasado, dif\u00edcil de imaginar y dimensionar para las nuevas generaciones de iquique\u00f1os.<\/span><\/p>\n<p><span style=\"font-weight: 400;\">\u201cEl Morro era un barrio bien humilde, gente muy buena, calles de tierra, veredas de tabla, pero \u00e9ramos felices, ten\u00edamos espacio para jugar, porque todo ese sector donde est\u00e1 la intendencia ahora, ese era un peladero donde llegaban los circos y cuando no estaban los circos, ese era el estadio que ten\u00edamos para ir a jugar futbol, beisbol, ah\u00ed nos entreten\u00edamos\u201d, relata el ex deportista.\u00a0<\/span><\/p>\n<p><span style=\"font-weight: 400;\">Por esos a\u00f1os, dicen los m\u00e1s antiguos, hab\u00eda tiempo y cosas para hacer de sobra. Pero jugar a las guerrillas afuera de la Compa\u00f1\u00eda de Alumbrados, era para D\u00edaz, sin dudas, un evento al que ning\u00fan ni\u00f1o se pod\u00eda resistir. Aqu\u00ed se enfrentaban las pandillas del mismo Perucho con sus hermanos, la del Pocholo y la de los Buccioni, en un duelo que era hasta el final.\u00a0<\/span><\/p>\n<p><span style=\"font-weight: 400;\">\u201cEn ese tiempo hab\u00eda tres pandillas, pero \u00e9ramos cabros sanos, no como las pandillas de ahora que asaltan. Pocholo, que viv\u00eda en los ba\u00f1os Bellavista ten\u00eda una, los Buccioni que viv\u00edan en calle Wilson ten\u00edan otra y yo, que viv\u00eda en Pedro Lagos, ten\u00eda otra. Estando en la Escuela N\u00b03, nos desafi\u00e1bamos para saber cu\u00e1l era la pandilla m\u00e1s encachada y nos cit\u00e1bamos atr\u00e1s del alumbrado, all\u00e1 \u00edbamos a pelear, hac\u00edamos guerrillas con piedras y el que ten\u00eda m\u00e1s heridos, perd\u00eda\u201d. Cuenta.<\/span><\/p>\n<p><span style=\"font-weight: 400;\">\u201cTerminaba la guerrilla, contabiliz\u00e1bamos a los heridos, sab\u00edamos qui\u00e9n hab\u00eda ganado, qui\u00e9n hab\u00eda perdido y despu\u00e9s nos \u00edbamos conversando calmadamente al barrio, no hab\u00eda rencor, porque era una entretenci\u00f3n, una cosa de ni\u00f1os\u201d, agrega, haciendo memoria de c\u00f3mo ard\u00edan esas heridas de guerra en la cabeza cuando los peinaban con lim\u00f3n para ir a la escuela.\u00a0<\/span><\/p>\n<p><b>La historia de la traves\u00eda\u00a0<\/b><\/p>\n<p><span style=\"font-weight: 400;\">Ya m\u00e1s crecido, Pedro D\u00edaz, como todo morrino de cepa, se volvi\u00f3 un buen nadador; por su forma de disfrutar en las ola y en las corrientes de Bellavista, junto a los dem\u00e1s lolos del barrio, nadie pod\u00eda creer que no hubiera nacido aqu\u00ed.\u00a0<\/span><\/p>\n<p><span style=\"font-weight: 400;\">Como todo cabro joven que creci\u00f3 en la playa, el aburrimiento llega pronto cuando no hay algo entretenido o desafiante que hacer, m\u00e1s a\u00fan en las calurosas tardes de verano. Por eso, en un flechazo de creatividad, que solo a un morrino le pudo haber llegado, a Perucho y sus compadres se les ocurri\u00f3 comenzar a nadar cada vez m\u00e1s lejos, tanto fue el entusiasmo, que un d\u00eda terminaron llegando hasta Cavancha. As\u00ed comenz\u00f3 una de las competencias m\u00e1s importantes y tradicionales del barrio: La traves\u00eda n\u00e1utica, que desde 1981, hasta la actualidad, sigue atrayendo a cientos de nadadores locales y de todo el pa\u00eds.\u00a0<\/span><\/p>\n<p><span style=\"font-weight: 400;\">\u201cUn d\u00eda, Pateconejo, nos dijo que por qu\u00e9 no \u00edbamos a Cavancha, nosotros le dijimos que para qu\u00e9 \u00edbamos a ir para all\u00e1 si nosotros ten\u00edamos mejores playas, y el respondi\u00f3 que nos fu\u00e9ramos nadando de El Morro a Cavancha, y ya esa traves\u00eda era larga y la hicimos. Despu\u00e9s sin tomar consecuencia que ten\u00edamos que venirnos caminando a pies pelado al Morro, entonces eso se volvi\u00f3 una costumbre y despu\u00e9s aparecen estos muchachos que comenzaron a organizarla\u201d, revela Pedro.\u00a0<\/span><\/p>\n<p><span style=\"font-weight: 400;\">Traves\u00eda de m\u00e1s de 2.600 kil\u00f3metros a mar abierto, de la que, como muy pocos, Perucho tuvo la dicha de volver a ser parte, pero ya con 40 a\u00f1os. Uno de sus hermanos lo inscribi\u00f3 sin que supiera, seg\u00fan relata, ten\u00edan fe que, a este buso mariscador del Morro, le ir\u00eda bien, m\u00e1s que mal, estaba en su h\u00e1bitat, haciendo lo que siempre le apasion\u00f3.\u00a0<\/span><\/p>\n<p><span style=\"font-weight: 400;\">\u201cUn d\u00eda, mi hermano Carlos, el que falleci\u00f3, le dice al Freddy Vergara que estaba organizando esto, que por qu\u00e9 no se inscribe a Perucho, yo sin saber y despu\u00e9s me dicen \u00b4Perucho te inscribimos en la traves\u00eda, nosotros somos que t\u00fa eres capaz de hacerlo porque t\u00fa la hac\u00edas joven\u00b4, pero yo ten\u00eda 40 a\u00f1os. No iba por un af\u00e1n de ganar un premio, los Ahumada, los Belmar, ven\u00edan de ser campeones de Chile en nataci\u00f3n, yo no iba a competir con ellos, solo quer\u00eda saber si era capaz de hacer el cruce de Cavancha al Morro a los 40\u201d, dice Pedro D\u00edaz, qui\u00e9n a pesar de ser el m\u00e1s viejo de los competidores, lleg\u00f3 en el puesto 10 de 42 competidores. Nada mal para el veterano.\u00a0<\/span><\/p>\n<p><b>H\u00e9roe del barrio<\/b><\/p>\n<p><span style=\"font-weight: 400;\">\u00a0Era un d\u00eda de enero en Bellavista y cinco j\u00f3venes jugaban con una c\u00e1mara en los ba\u00f1os, sin saber que la mar se pondr\u00eda brava. Al ver que no pod\u00edan salir, producto del oleaje y que hab\u00eda algunos que estaban sumergidos y otros pidiendo ayuda, Pedro, aprovechando sus habilidades de buen nadador, se lanz\u00f3 sin pensarlo al mar a salvarlos.\u00a0<\/span><\/p>\n<p><span style=\"font-weight: 400;\">\u201cEl chato Pedro Faundez Jr. Que ya falleci\u00f3, tambi\u00e9n el otro muchacho el Cuyi Cuyi, yo los tuve que bucear, los saqu\u00e9 y los dej\u00e9 en la c\u00e1mara porque estaban jugando con una, despu\u00e9s los rescat\u00f3 la lanza patrullera cuando vi ya no me la pod\u00eda. El mar no me dejaba salir con los ni\u00f1os, ni tampoco dejaba entrar a los que trataban de ayudarme. Seg\u00fan dicen, la mar tiene ojos y cuando se quiere comer a alguno hace lo imposible para que no lo saquen, pero menos mal que yo tuve la dicha de salvar a esos cinco muchachos\u201d, recuerda Perucho.\u00a0<\/span><\/p>\n<p><span style=\"font-weight: 400;\">Tuvo que ser una lancha patrullera de los marinos la que tuvo que auxiliar a D\u00edaz, quien una vez fuera del agua, fue recibido por una gran muchedumbre de ba\u00f1istas y vecinos que llegaron al muelle de pasajeros para ver el estado de los rescatados. En ese momento y luego de tama\u00f1a haza\u00f1a, Pedro fue reconocido y aclamado por todo el barrio como un h\u00e9roe.\u00a0<\/span><\/p>\n<p><span style=\"font-weight: 400;\">Historias como estas y muchas m\u00e1s, sobre la grandeza de El Morro y su gente, son las que atesora Perucho en su coraz\u00f3n de morrino. Memorias que no se le olvidan, aunque pasen los a\u00f1os y el barrio siga alej\u00e1ndose de lo que era antes, porque para \u00e9l, su misi\u00f3n, es mantenerlas vivas y con ellas todo lo lindo que se vivi\u00f3 en este entra\u00f1able sector de la ciudad.<\/span><\/p>\n<p style=\"text-align: center;\"><b>&#8220;MEMORIAS MORRINAS ES UN PROYECTO FINANCIADO POR EL MINISTERIO DE LAS CULTURAS, LAS ARTES Y EL PATRIMONIO&#8221;<\/b><\/p>\n<p>&nbsp;<\/p>\n<\/div>[vc_single_image image=&#8221;23173&#8243; img_size=&#8221;&#8221; alignment=&#8221;center&#8221;]<\/div><\/div><\/div><\/section>\n<\/section>","protected":false},"excerpt":{"rendered":"[vc_video link=\"https:\/\/vimeo.com\/891985067\"][vc_empty_space]QU\u00c9 SER\u00cdA DEL BARRIO EL MORRO SIN DON PEDRO D\u00cdAZ BRAVO\u00a0 Hablar de Pedro D\u00edaz Bravo, es hablar de historia pura y genuina de El Morro. Tiene an\u00e9cdotas y recuerdos para contar, f\u00e1cilmente, todo un d\u00eda y posiblemente para el siguiente. Y es que la carta de presentaci\u00f3n de Perucho lo dice todo: junto a sus hermanos, eran los conocidos Cabezones D\u00edaz, uno de los inventores de la tradicional traves\u00eda n\u00e1utica, destacado deportista del Uni\u00f3n Morro y un reconocido h\u00e9roe barrial, este \u00faltimo t\u00edtulo, se lo gan\u00f3 luego de salvar a cinco muchachos de morir ahogados en Bellavista. En pocas palabras, un verdadero guardi\u00e1n del patrimonio del barrio. Aun as\u00ed, D\u00edaz Bravo de 77 a\u00f1os, se sincera cada vez que le preguntan si es verdaderamente morrino, respondiendo que \u201cmorrino, morrino, no es\u201d, porque lleg\u00f3 a los seis a\u00f1os a vivir en Pedro Lagos 1041, pero asegura que desde el primer d\u00eda que pis\u00f3 las calles de tierra del barrio, estuvo metido en el agua, mariscando en la costa y representando al club en cuanta competencia hubiera de f\u00fatbol o nataci\u00f3n.\u00a0 La memoria gr\u00e1fica de Perucho es un gran aliado a la hora de hablar sobre el pasado del hist\u00f3rico...","protected":false},"author":1,"featured_media":0,"parent":0,"menu_order":0,"comment_status":"closed","ping_status":"closed","template":"","meta":{"footnotes":""},"class_list":["post-23141","page","type-page","status-publish","hentry"],"_links":{"self":[{"href":"https:\/\/museobarrioelmorro.cl\/index.php\/wp-json\/wp\/v2\/pages\/23141","targetHints":{"allow":["GET"]}}],"collection":[{"href":"https:\/\/museobarrioelmorro.cl\/index.php\/wp-json\/wp\/v2\/pages"}],"about":[{"href":"https:\/\/museobarrioelmorro.cl\/index.php\/wp-json\/wp\/v2\/types\/page"}],"author":[{"embeddable":true,"href":"https:\/\/museobarrioelmorro.cl\/index.php\/wp-json\/wp\/v2\/users\/1"}],"replies":[{"embeddable":true,"href":"https:\/\/museobarrioelmorro.cl\/index.php\/wp-json\/wp\/v2\/comments?post=23141"}],"version-history":[{"count":2,"href":"https:\/\/museobarrioelmorro.cl\/index.php\/wp-json\/wp\/v2\/pages\/23141\/revisions"}],"predecessor-version":[{"id":23188,"href":"https:\/\/museobarrioelmorro.cl\/index.php\/wp-json\/wp\/v2\/pages\/23141\/revisions\/23188"}],"wp:attachment":[{"href":"https:\/\/museobarrioelmorro.cl\/index.php\/wp-json\/wp\/v2\/media?parent=23141"}],"curies":[{"name":"wp","href":"https:\/\/api.w.org\/{rel}","templated":true}]}}