{"id":23144,"date":"2023-12-07T01:15:43","date_gmt":"2023-12-07T01:15:43","guid":{"rendered":"https:\/\/museobarrioelmorro.cl\/?page_id=23144"},"modified":"2024-01-26T19:45:35","modified_gmt":"2024-01-26T19:45:35","slug":"gutierrez","status":"publish","type":"page","link":"https:\/\/museobarrioelmorro.cl\/index.php\/gutierrez\/","title":{"rendered":"Hermanos Gutierr\u00e9z"},"content":{"rendered":"<section class=\"wpb-content-wrapper\"><section class=\"vc_row wpb_row vc_row-fluid\"><div class=\"wpb_column vc_column_container vc_col-sm-12  col-xs-mobile-fullwidth\"><div class=\"vc_column-inner \"><div class=\"wpb_wrapper\">[vc_video link=&#8221;https:\/\/vimeo.com\/891977946\/&#8221;][vc_empty_space]<div class=\"last-paragraph-no-margin\"><p><b>HERMANOS GUTI\u00c9RREZ: EL RECUERDO DE LOS JUEGOS, LA POBREZA Y LA PRIMERA EXPROPIACI\u00d3N DE CASAS EN EL MORRO<\/b><\/p>\n<p><i><span style=\"font-weight: 400;\">Entrevista a Juana Guti\u00e9rrez y Mario Guti\u00e9rrez.\u00a0<\/span><\/i><\/p>\n<p><span style=\"font-weight: 400;\">Para los hermanos Juana y Mario Guti\u00e9rrez Vergara, los recuerdos m\u00e1s profundos de su ni\u00f1ez, est\u00e1n en el coraz\u00f3n del barrio El Morro. Los veranos de piquero y marisqueo en Bellavista, el cambio de carb\u00f3n por mermelada en los almacenes y la partida de muchas familias y amigos, producto de las primeras expropiaciones en el barrio, son parte de sus remembranzas, a la hora de hablar sobre el pasado de este hist\u00f3rico sector de la ciudad.\u00a0<\/span><\/p>\n<p><span style=\"font-weight: 400;\">Como para todo ni\u00f1o morrino, no hab\u00eda tiempo para aburrirse, ni mucho menos para comprender la pobreza del Iquique de finales de los 50, porque despu\u00e9s de la escuela, ir a jugar a la playa era el panorama fijo de todos los d\u00edas y entre chapuz\u00f3n y pichangas, todo eso pasa a segundo plano cuando se estaba con los cabros del barrio.\u00a0<\/span><\/p>\n<p><span style=\"font-weight: 400;\">Juana Guti\u00e9rrez es la menor de X hermanos de una conocida familia de El Morro. A diferencia del resto de los ni\u00f1os del sector, ella iba en la Escuela N\u00b07, por lo que despu\u00e9s de su jornada, era sagrado pasar a buscar a sus amigos de la Escuela N\u00b03, la universidad de los morrinos, para jugar al mate con las piedras. \u201cSiempre ten\u00edamos algo que hacer\u201d, dice.<\/span><\/p>\n<p><span style=\"font-weight: 400;\">\u201cNos \u00edbamos jugando al mate con las piedras y el que perd\u00eda, ten\u00eda que llevar a tota al ganador y yo me acuerdo de que era chica y flaca, pero igual me echaba al hombro al guat\u00f3n Valenzuela, despu\u00e9s nos \u00edbamos a la playa. En mi generaci\u00f3n no hab\u00eda mujeres, entonces yo me ten\u00eda que juntar con todos los cabros\u201d, comenta Juana ri\u00e9ndo.<\/span><\/p>\n<p><span style=\"font-weight: 400;\">\u201cYo no ten\u00eda tiempo para aburrirme ac\u00e1\u201d, agrega. C\u00f3mo no, si cuenta que despu\u00e9s de jugar a la tota, ba\u00f1arse en la playa, pelotear y de tomar el tecito de las cinco de la tarde, sal\u00edan todas las familias a jugar a la calle \u201cM\u00e1s tarde sal\u00edan las mam\u00e1s, se sentaban en la puerta y despu\u00e9s, al \u00faltimo juego, jug\u00e1bamos todos juntos\u201d.\u00a0<\/span><\/p>\n<p><span style=\"font-weight: 400;\">Entre juego y juego pas\u00f3 el tiempo y entrando a la adolescencia, tanto Juana como su hermano Mario, se dieron cuenta que vivir en El Morro por esos a\u00f1os, no era realmente un \u201cMundo de Bilz y Pap\u201d, como les gusta referirse a lo bien que se pasaba en el barrio, cuando aun ten\u00eda calles de tierra y veredas de madera en casi toda su extensi\u00f3n.<\/span><\/p>\n<p><span style=\"font-weight: 400;\">Por eso, Mario Guti\u00e9rrez, un morrino neto, bueno para la pelota y para mariscar, cree que toda la diversi\u00f3n de los ni\u00f1os era tambi\u00e9n una buena forma de hacer frente la pobreza de muchas familia. \u201cEn el barrio fuera de jugar a la pelota, como llegaba al gas\u00f3metro uno se met\u00eda por debajo a robar carb\u00f3n para despu\u00e9s ir a cambiarlo por mermelada\u201d, relata con picard\u00eda.\u00a0<\/span><\/p>\n<p><span style=\"font-weight: 400;\">\u201cTen\u00edamos un t\u00edo que trabajaba en la compa\u00f1\u00eda de alumbrados, entonces nos dejaba pasar a pescar o a sacar camarones y en eso nos entreten\u00edamos tambi\u00e9n, en el pesca y el marisqueo\u201d, recuerda.<\/span><\/p>\n<p><span style=\"font-weight: 400;\">Adem\u00e1s, se remonta a cuando el regimiento del Ej\u00e9rcito que estaba en centro del barrio , el que en tiempos de necesidad, era para los vecinos un lugar donde abastecerse con fideos, papas, az\u00facar y arroz, tambi\u00e9n con chicharrones para llevar a la casa. \u201cEn el medio del corral pon\u00edan un tiesto grande para hacer chicharrones as\u00ed que uno llevaba su olla y recib\u00eda su parte, ah\u00ed estaba todo el barrio, porque las unidades militares eran como el economato y el hospital que uno ten\u00eda, porque en esos tiempos las falencias eran mas o menos importante\u201d.\u00a0<\/span><\/p>\n<p><b>Cuando se fueron los amigos<\/b><\/p>\n<p><span style=\"font-weight: 400;\">Pero uno de los episodios que comenz\u00f3 a derrumbar el \u201cMundo de Bilz y Pap\u201d en el que viv\u00edan las ni\u00f1as y ni\u00f1os del El Morro, fue la primera expropiaci\u00f3n de casas. Un momento en el que muchas generaciones y familias completas del barrio tuvieron que dejar sus hogares, para darle paso a los actuales departamentos que est\u00e1n levantados en la ex calle Souper con Isaza.\u00a0\u00a0<\/span><\/p>\n<p><span style=\"font-weight: 400;\">\u201cSe fueron la familia Pacheco, los Carecuchillo, los Ceballos, los Miranda, los Taberna tambi\u00e9n tuvieron que salir, los Indio G\u00fciro, los del otro lado, los que viv\u00edan por Izasa, los Checura, incluso los familiares de Soria, los Bast\u00edas, ellos tambi\u00e9n tuvieron que salir\u201d, recuerdan los hermanos Guti\u00e9rrez.\u00a0<\/span><\/p>\n<p><span style=\"font-weight: 400;\">\u201cEstamos hablando del sector donde est\u00e1n los edificios de la marina mercante, despu\u00e9s comienzan con la otra expropiaci\u00f3n que es desde Grumete Bolados hasta Wilson, de ah\u00ed salieron los Kosanovic, la familia Campos, la familia Saavedra, fue un momento triste porque se iban los amigos del barrio, con los que compartimos toda una vida\u201d, afirman con una mezcla de nostalgia e impotencia.<\/span><\/p>\n<p><span style=\"font-weight: 400;\">A pesar del panorama desolador que significaron las expropiaciones, ambos coinciden en que fue el club deportivo Uni\u00f3n Morro, lo que hizo que muchos vecinos y familias siguieran ligados al barrio. Y es que los amigos que se tuvieron que ir obligados, producto de los nuevos planes habitacionales para el barrio, eran tambi\u00e9n deportistas y socios de la instituci\u00f3n, por lo que en verano o en competencias, volv\u00edan a aparecer y era como si nunca se hubieran ido. De esa forma, moment\u00e1neamente, todo segu\u00eda igual que antes, cuando el mundo de los morrinos m\u00e1s j\u00f3venes no era m\u00e1s que risas, travesuras, el deporte y la playa con sus olas.\u00a0<\/span><\/p>\n<p style=\"text-align: center;\"><b>&#8220;MEMORIAS MORRINAS ES UN PROYECTO FINANCIADO POR EL MINISTERIO DE LAS CULTURAS, LAS ARTES Y EL PATRIMONIO&#8221;<\/b><\/p>\n<p>&nbsp;<\/p>\n<\/div>[vc_single_image image=&#8221;23173&#8243; img_size=&#8221;&#8221; alignment=&#8221;center&#8221;]<\/div><\/div><\/div><\/section>\n<\/section>","protected":false},"excerpt":{"rendered":"[vc_video link=\"https:\/\/vimeo.com\/891977946\/\"][vc_empty_space]HERMANOS GUTI\u00c9RREZ: EL RECUERDO DE LOS JUEGOS, LA POBREZA Y LA PRIMERA EXPROPIACI\u00d3N DE CASAS EN EL MORRO Entrevista a Juana Guti\u00e9rrez y Mario Guti\u00e9rrez.\u00a0 Para los hermanos Juana y Mario Guti\u00e9rrez Vergara, los recuerdos m\u00e1s profundos de su ni\u00f1ez, est\u00e1n en el coraz\u00f3n del barrio El Morro. Los veranos de piquero y marisqueo en Bellavista, el cambio de carb\u00f3n por mermelada en los almacenes y la partida de muchas familias y amigos, producto de las primeras expropiaciones en el barrio, son parte de sus remembranzas, a la hora de hablar sobre el pasado de este hist\u00f3rico sector de la ciudad.\u00a0 Como para todo ni\u00f1o morrino, no hab\u00eda tiempo para aburrirse, ni mucho menos para comprender la pobreza del Iquique de finales de los 50, porque despu\u00e9s de la escuela, ir a jugar a la playa era el panorama fijo de todos los d\u00edas y entre chapuz\u00f3n y pichangas, todo eso pasa a segundo plano cuando se estaba con los cabros del barrio.\u00a0 Juana Guti\u00e9rrez es la menor de X hermanos de una conocida familia de El Morro. A diferencia del resto de los ni\u00f1os del sector, ella iba en la Escuela N\u00b07, por lo que despu\u00e9s de su...","protected":false},"author":1,"featured_media":0,"parent":0,"menu_order":0,"comment_status":"closed","ping_status":"closed","template":"","meta":{"footnotes":""},"class_list":["post-23144","page","type-page","status-publish","hentry"],"_links":{"self":[{"href":"https:\/\/museobarrioelmorro.cl\/index.php\/wp-json\/wp\/v2\/pages\/23144","targetHints":{"allow":["GET"]}}],"collection":[{"href":"https:\/\/museobarrioelmorro.cl\/index.php\/wp-json\/wp\/v2\/pages"}],"about":[{"href":"https:\/\/museobarrioelmorro.cl\/index.php\/wp-json\/wp\/v2\/types\/page"}],"author":[{"embeddable":true,"href":"https:\/\/museobarrioelmorro.cl\/index.php\/wp-json\/wp\/v2\/users\/1"}],"replies":[{"embeddable":true,"href":"https:\/\/museobarrioelmorro.cl\/index.php\/wp-json\/wp\/v2\/comments?post=23144"}],"version-history":[{"count":2,"href":"https:\/\/museobarrioelmorro.cl\/index.php\/wp-json\/wp\/v2\/pages\/23144\/revisions"}],"predecessor-version":[{"id":23187,"href":"https:\/\/museobarrioelmorro.cl\/index.php\/wp-json\/wp\/v2\/pages\/23144\/revisions\/23187"}],"wp:attachment":[{"href":"https:\/\/museobarrioelmorro.cl\/index.php\/wp-json\/wp\/v2\/media?parent=23144"}],"curies":[{"name":"wp","href":"https:\/\/api.w.org\/{rel}","templated":true}]}}