{"id":3957,"date":"2017-07-29T05:25:01","date_gmt":"2017-07-29T05:25:01","guid":{"rendered":"https:\/\/pofo.themezaa.com\/?page_id=3957"},"modified":"2023-12-15T01:10:57","modified_gmt":"2023-12-15T01:10:57","slug":"home-blog-grid","status":"publish","type":"page","link":"https:\/\/museobarrioelmorro.cl\/","title":{"rendered":"Inicio"},"content":{"rendered":"<section class=\"wpb-content-wrapper\"><section data-vc-full-width=\"true\" data-vc-full-width-init=\"false\" data-vc-stretch-content=\"true\" class=\"vc_row wpb_row vc_row-fluid  vc_custom_1507524288925 pofo-stretch-content pofo-row-responsive-69fc788801aa7\"><div class=\"wpb_column vc_column_container vc_col-sm-12 vc_col-md-4 col-xs-mobile-fullwidth pofo-column-responsive-69fc788801b81\"><div class=\"vc_column-inner \"><div class=\"wpb_wrapper\">[vc_empty_space height=&#8221;60px&#8221;][vc_empty_space height=&#8221;60px&#8221;]<div class=\"featurebox18 pofo-featurebox banner-style2 featurebox18-1\" ><figure><div class=\"banner-image bg-black height-400px cover-background height-350px bg-image-srcset\" style=\"background-image:url('https:\/\/museobarrioelmorro.cl\/wp-content\/uploads\/2021\/09\/home1-sc.jpg');\" data-bg-srcset=\"https:\/\/museobarrioelmorro.cl\/wp-content\/uploads\/2021\/09\/home1-sc.jpg 950w, https:\/\/museobarrioelmorro.cl\/wp-content\/uploads\/2021\/09\/home1-sc-300x174.jpg 300w, https:\/\/museobarrioelmorro.cl\/wp-content\/uploads\/2021\/09\/home1-sc-768x445.jpg 768w, https:\/\/museobarrioelmorro.cl\/wp-content\/uploads\/2021\/09\/home1-sc-120x69.jpg 120w, https:\/\/museobarrioelmorro.cl\/wp-content\/uploads\/2021\/09\/home1-sc-81x47.jpg 81w\"><\/div><figcaption class=\"padding-seven-all bg-white last-paragraph-no-margin\"  style=\"background-color:rgba(0,0,0,0.85) !important;\"><div class=\"display-table width-100 height-100\"><div class=\"display-table-cell vertical-align-middle\"><span class=\"text-medium-gray alt-font\" style=\"color: #939393;\">El baile es del Morro<\/span><span class=\"text-large font-weight-600 text-extra-dark-gray alt-font padding-15px-bottom display-block \" style=\"color: #ffffff;\">SOCIEDAD CAT\u00d3LICA<\/span><div class=\"last-paragraph-no-margin\"><p>Sociedad Cat\u00f3lica Pieles Rojas del Morro e identidad barrial.<\/p>\n<\/div><a class=\"btn btn-dark-gray btn-small margin-30px-top\" target=\"_self\" href=\"https:\/\/museobarrioelmorro.cl\/index.php\/sociedad-catolica\/\">VISITAR<\/a><\/div><\/div><\/figcaption><\/figure><\/div><\/div><\/div><\/div><div class=\"wpb_column vc_column_container vc_col-sm-12 vc_col-md-4 col-xs-mobile-fullwidth pofo-column-responsive-69fc7888025a2\"><div class=\"vc_column-inner \"><div class=\"wpb_wrapper\">[vc_empty_space height=&#8221;60px&#8221;][vc_empty_space height=&#8221;60px&#8221;]<div class=\"featurebox18 pofo-featurebox banner-style2 featurebox18-2\" ><figure><div class=\"banner-image bg-black height-400px cover-background height-350px bg-image-srcset\" style=\"background-image:url('https:\/\/museobarrioelmorro.cl\/wp-content\/uploads\/2021\/09\/home2-um.jpg');\" data-bg-srcset=\"https:\/\/museobarrioelmorro.cl\/wp-content\/uploads\/2021\/09\/home2-um.jpg 950w, https:\/\/museobarrioelmorro.cl\/wp-content\/uploads\/2021\/09\/home2-um-300x174.jpg 300w, https:\/\/museobarrioelmorro.cl\/wp-content\/uploads\/2021\/09\/home2-um-768x445.jpg 768w, https:\/\/museobarrioelmorro.cl\/wp-content\/uploads\/2021\/09\/home2-um-120x69.jpg 120w, https:\/\/museobarrioelmorro.cl\/wp-content\/uploads\/2021\/09\/home2-um-81x47.jpg 81w\"><\/div><figcaption class=\"padding-seven-all bg-white last-paragraph-no-margin\"  style=\"background-color:rgba(0,0,0,0.85) !important;\"><div class=\"display-table width-100 height-100\"><div class=\"display-table-cell vertical-align-middle\"><span class=\"text-medium-gray alt-font\" style=\"color: #939393;\">Club Social y Deportivo<\/span><span class=\"text-large font-weight-600 text-extra-dark-gray alt-font padding-15px-bottom display-block \" style=\"color: #ffffff;\">CLUB UNI\u00d3N MORRO<\/span><div class=\"last-paragraph-no-margin\"><p>Sociabilidad popular y defensa del Patrimonio.<\/p>\n<\/div><a class=\"btn btn-dark-gray btn-small margin-30px-top\" target=\"_self\" href=\"https:\/\/museobarrioelmorro.cl\/index.php\/club-union-morro\/\">VISITAR<\/a><\/div><\/div><\/figcaption><\/figure><\/div><\/div><\/div><\/div><div class=\"wpb_column vc_column_container vc_col-sm-12 vc_col-md-4 col-xs-mobile-fullwidth\"><div class=\"vc_column-inner \"><div class=\"wpb_wrapper\">[vc_empty_space height=&#8221;60px&#8221;][vc_empty_space height=&#8221;60px&#8221;]<div class=\"featurebox18 pofo-featurebox banner-style2 featurebox18-3\" ><figure><div class=\"banner-image bg-black height-400px cover-background height-350px bg-image-srcset\" style=\"background-image:url('https:\/\/museobarrioelmorro.cl\/wp-content\/uploads\/2021\/09\/home3-ah.jpg');\" data-bg-srcset=\"https:\/\/museobarrioelmorro.cl\/wp-content\/uploads\/2021\/09\/home3-ah.jpg 950w, https:\/\/museobarrioelmorro.cl\/wp-content\/uploads\/2021\/09\/home3-ah-300x174.jpg 300w, https:\/\/museobarrioelmorro.cl\/wp-content\/uploads\/2021\/09\/home3-ah-768x445.jpg 768w, https:\/\/museobarrioelmorro.cl\/wp-content\/uploads\/2021\/09\/home3-ah-120x69.jpg 120w, https:\/\/museobarrioelmorro.cl\/wp-content\/uploads\/2021\/09\/home3-ah-81x47.jpg 81w\"><\/div><figcaption class=\"padding-seven-all bg-white last-paragraph-no-margin\"  style=\"background-color:rgba(0,0,0,0.85) !important;\"><div class=\"display-table width-100 height-100\"><div class=\"display-table-cell vertical-align-middle\"><span class=\"text-medium-gray alt-font\" style=\"color: #939393;\">ARCHIVO DE<\/span><span class=\"text-large font-weight-600 text-extra-dark-gray alt-font padding-15px-bottom display-block \" style=\"color: #ffffff;\">ART\u00cdCULOS HIST\u00d3RICOS<\/span><div class=\"last-paragraph-no-margin\"><p>Historia, sociedad, habitantes y cultura<\/p>\n<\/div><a class=\"btn btn-dark-gray btn-small margin-30px-top\" target=\"_self\" href=\"https:\/\/museobarrioelmorro.cl\/index.php\/articulos\/\">VISITAR<\/a><\/div><\/div><\/figcaption><\/figure><\/div><\/div><\/div><\/div><\/section><div class=\"vc_row-full-width vc_clearfix\"><\/div><section class=\"vc_row wpb_row vc_row-fluid\"><div class=\"wpb_column vc_column_container vc_col-sm-12  col-xs-mobile-fullwidth\"><div class=\"vc_column-inner \"><div class=\"wpb_wrapper\"><div class=\"pofo-blog-grid\"><div class=\"col-2-nth-item \"><div class=\"blog-post-style3 blog-style4-1 margin-30px-bottom col-md-6 col-sm-6 col-xs-12 \"><div class=\"post-6728 post type-post status-publish format-standard has-post-thumbnail hentry category-postcategory\"><div class=\"grid-item\"><div class=\"blog-post bg-light-gray inner-match-height\"><div class=\"blog-post-images overflow-hidden position-relative text-center\"><a href=\"https:\/\/museobarrioelmorro.cl\/index.php\/2021\/09\/29\/la-travesia-de-lo-humano-en-el-barrio-el-morro\/\"><img loading=\"lazy\" decoding=\"async\" width=\"800\" height=\"650\" src=\"https:\/\/museobarrioelmorro.cl\/wp-content\/uploads\/2021\/09\/travesia-humano-morro.jpg\" class=\"attachment-full size-full wp-post-image\" alt=\"\" title=\"\" srcset=\"https:\/\/museobarrioelmorro.cl\/wp-content\/uploads\/2021\/09\/travesia-humano-morro.jpg 800w, https:\/\/museobarrioelmorro.cl\/wp-content\/uploads\/2021\/09\/travesia-humano-morro-300x244.jpg 300w, https:\/\/museobarrioelmorro.cl\/wp-content\/uploads\/2021\/09\/travesia-humano-morro-768x624.jpg 768w, https:\/\/museobarrioelmorro.cl\/wp-content\/uploads\/2021\/09\/travesia-humano-morro-120x98.jpg 120w, https:\/\/museobarrioelmorro.cl\/wp-content\/uploads\/2021\/09\/travesia-humano-morro-81x66.jpg 81w\" sizes=\"auto, (max-width: 800px) 100vw, 800px\" \/><div class=\"blog-hover-icon\"><span class=\"text-extra-large font-weight-300\">+<\/span><\/div><\/a><\/div><div class=\"post-details padding-ten-all sm-padding-20px-all xs-text-center\"><div class=\"blog-hover-color\"><\/div><a class=\"alt-font post-title text-medium text-extra-dark-gray display-block entry-title\" href=\"https:\/\/museobarrioelmorro.cl\/index.php\/2021\/09\/29\/la-travesia-de-lo-humano-en-el-barrio-el-morro\/\">\u201cLa traves\u00eda\u201d de lo humano, en el barrio El Morro<\/a><div class=\"entry-content no-margin-bottom margin-15px-top\">Sergio Mart\u00ednez Guti\u00e9rrez Lic. Trabajo Social Mag. en Ciencias Sociales Aplicadas Entrenador de Waterpolo del Uni\u00f3n Morro Encargado Patrimonial del...<\/div><div class=\"separator-line-horrizontal-full bg-medium-gray margin-20px-top sm-margin-15px-top\"><\/div><div class=\"author text-extra-small text-medium-gray display-block margin-20px-top sm-margin-15px-top\"><span class=\"text-medium-gray text-extra-small display-inline-block text-uppercase\"><span class=\"pofo-blog-post-meta text-medium-gray text-extra-small display-inline-block vertical-align-middle\">by <span class=\"author vcard\"><a href=\"https:\/\/museobarrioelmorro.cl\/index.php\/author\/elmorrito\/\" class=\"text-medium-gray url fn n\">admin<\/a><\/span><\/span><span class=\"blog-separator vertical-align-middle\">|<\/span><span class=\"pofo-blog-post-meta text-extra-small text-medium-gray display-inline-block published vertical-align-middle\">29 Septiembre 2021<\/span><time class=\"updated display-none\" datetime=\"2023-05-22T21:46:44+00:00\">22 Mayo 2023<\/time><\/span><\/div><\/div><\/div><\/div><\/div><\/div><div class=\"blog-post-style3 blog-style4-2 margin-30px-bottom col-md-6 col-sm-6 col-xs-12 \"><div class=\"post-23077 post type-post status-publish format-standard has-post-thumbnail hentry category-postcategory\"><div class=\"grid-item\"><div class=\"blog-post bg-light-gray inner-match-height\"><div class=\"blog-post-images overflow-hidden position-relative text-center\"><a href=\"https:\/\/museobarrioelmorro.cl\/index.php\/2021\/11\/24\/asilo-infancia\/\"><img loading=\"lazy\" decoding=\"async\" width=\"800\" height=\"650\" src=\"https:\/\/museobarrioelmorro.cl\/wp-content\/uploads\/2021\/11\/asilo.jpg\" class=\"attachment-full size-full wp-post-image\" alt=\"\" title=\"\" srcset=\"https:\/\/museobarrioelmorro.cl\/wp-content\/uploads\/2021\/11\/asilo.jpg 800w, https:\/\/museobarrioelmorro.cl\/wp-content\/uploads\/2021\/11\/asilo-300x244.jpg 300w, https:\/\/museobarrioelmorro.cl\/wp-content\/uploads\/2021\/11\/asilo-768x624.jpg 768w, https:\/\/museobarrioelmorro.cl\/wp-content\/uploads\/2021\/11\/asilo-120x98.jpg 120w, https:\/\/museobarrioelmorro.cl\/wp-content\/uploads\/2021\/11\/asilo-81x66.jpg 81w\" sizes=\"auto, (max-width: 800px) 100vw, 800px\" \/><div class=\"blog-hover-icon\"><span class=\"text-extra-large font-weight-300\">+<\/span><\/div><\/a><\/div><div class=\"post-details padding-ten-all sm-padding-20px-all xs-text-center\"><div class=\"blog-hover-color\"><\/div><a class=\"alt-font post-title text-medium text-extra-dark-gray display-block entry-title\" href=\"https:\/\/museobarrioelmorro.cl\/index.php\/2021\/11\/24\/asilo-infancia\/\">Asilo Infancia<\/a><div class=\"entry-content no-margin-bottom margin-15px-top\">A finales del siglo XIX y principios del siglo XX proliferaron en Chile instituciones de refugio, educaci\u00f3n y correcci\u00f3n orientadas...<\/div><div class=\"separator-line-horrizontal-full bg-medium-gray margin-20px-top sm-margin-15px-top\"><\/div><div class=\"author text-extra-small text-medium-gray display-block margin-20px-top sm-margin-15px-top\"><span class=\"text-medium-gray text-extra-small display-inline-block text-uppercase\"><span class=\"pofo-blog-post-meta text-medium-gray text-extra-small display-inline-block vertical-align-middle\">by <span class=\"author vcard\"><a href=\"https:\/\/museobarrioelmorro.cl\/index.php\/author\/elmorrito\/\" class=\"text-medium-gray url fn n\">admin<\/a><\/span><\/span><span class=\"blog-separator vertical-align-middle\">|<\/span><span class=\"pofo-blog-post-meta text-extra-small text-medium-gray display-inline-block published vertical-align-middle\">24 Noviembre 2021<\/span><time class=\"updated display-none\" datetime=\"2023-05-22T21:46:38+00:00\">22 Mayo 2023<\/time><\/span><\/div><\/div><\/div><\/div><\/div><\/div><\/div><\/div><\/div><\/div><\/div><\/section>\n<\/section>","protected":false},"excerpt":{"rendered":"A finales del siglo XIX y principios del siglo XX proliferaron en Chile instituciones de refugio, educaci\u00f3n y correcci\u00f3n orientadas al menor abandonad. Una s\u00edntesis de filantrop\u00eda, ciencia y caridad impulsaron a autoridades civiles y eclesi\u00e1sticas, m\u00e9dicos y empresarios a crear sociedades ben\u00e9ficas de car\u00e1cter privado para sostener esta clase de instituciones. El Asilo de la Infancia de Iquique funcion\u00f3 a partir de 1906 en el barrio El Morro y en sus dependencias se educaban, alimentaban y recib\u00edan atenci\u00f3n m\u00e9dica ni\u00f1os y ni\u00f1as entre 3 y 7 a\u00f1os. Posteriormente se ampli\u00f3 el rango etario y se incluyeron en su programa de formaci\u00f3n talleres de oficios obreros para los ni\u00f1os y de costura para las ni\u00f1as. Al igual que todas las instituciones de beneficencia de la provincia, experiment\u00f3 duras penalidades financieras tras la crisis del salitre. No obstante ello, en septiembre de 1949 sus ex residentes constituyeron un Club Social y Deportivo \u201cEx Alumnos del Hogar del Ni\u00f1o\u201d. En su declaraci\u00f3n indican estar \u201cllenos de cari\u00f1o hacia el hogar que los cobij\u00f3, al cual desean ayudar\u201d, \u201cguiados por el sano esp\u00edritu del deporte y el perfeccionamiento cultural\u201d[1]. Sin duda esta fue otra organizaci\u00f3n social morrina nacida de los v\u00ednculos humanos que...","protected":false},"author":1,"featured_media":0,"parent":0,"menu_order":0,"comment_status":"closed","ping_status":"closed","template":"","meta":{"footnotes":""},"class_list":["post-3957","page","type-page","status-publish","hentry"],"_links":{"self":[{"href":"https:\/\/museobarrioelmorro.cl\/index.php\/wp-json\/wp\/v2\/pages\/3957","targetHints":{"allow":["GET"]}}],"collection":[{"href":"https:\/\/museobarrioelmorro.cl\/index.php\/wp-json\/wp\/v2\/pages"}],"about":[{"href":"https:\/\/museobarrioelmorro.cl\/index.php\/wp-json\/wp\/v2\/types\/page"}],"author":[{"embeddable":true,"href":"https:\/\/museobarrioelmorro.cl\/index.php\/wp-json\/wp\/v2\/users\/1"}],"replies":[{"embeddable":true,"href":"https:\/\/museobarrioelmorro.cl\/index.php\/wp-json\/wp\/v2\/comments?post=3957"}],"version-history":[{"count":3,"href":"https:\/\/museobarrioelmorro.cl\/index.php\/wp-json\/wp\/v2\/pages\/3957\/revisions"}],"predecessor-version":[{"id":23163,"href":"https:\/\/museobarrioelmorro.cl\/index.php\/wp-json\/wp\/v2\/pages\/3957\/revisions\/23163"}],"wp:attachment":[{"href":"https:\/\/museobarrioelmorro.cl\/index.php\/wp-json\/wp\/v2\/media?parent=3957"}],"curies":[{"name":"wp","href":"https:\/\/api.w.org\/{rel}","templated":true}]}}